{"id":6179,"date":"2025-07-06T12:21:29","date_gmt":"2025-07-06T11:21:29","guid":{"rendered":"https:\/\/skate-poseidon.be\/conditions-generales-cafetaria\/"},"modified":"2026-01-04T12:56:17","modified_gmt":"2026-01-04T11:56:17","slug":"conditions-generales-cafetaria","status":"publish","type":"page","link":"https:\/\/skate-poseidon.be\/fr\/conditions-generales-cafetaria\/","title":{"rendered":"Conditions G\u00e9n\u00e9rales Caf\u00e9t\u00e9ria"},"content":{"rendered":"\t\t<div data-elementor-type=\"wp-page\" data-elementor-id=\"6179\" class=\"elementor elementor-6179 elementor-3520\">\n\t\t\t\t<div class=\"elementor-element elementor-element-db3d7ec thegem-e-con-layout-thegem e-flex e-con-boxed e-con e-parent\" data-id=\"db3d7ec\" data-element_type=\"container\" data-e-type=\"container\" data-settings=\"{&quot;thegem_container_layout&quot;:&quot;thegem&quot;}\">\r\n\t\t\t\t\t<div class=\"e-con-inner\">\r\n\t\t\t\t<div class=\"elementor-element elementor-element-e37ccbb flex-horizontal-align-default flex-horizontal-align-tablet-default flex-horizontal-align-mobile-default flex-vertical-align-default flex-vertical-align-tablet-default flex-vertical-align-mobile-default elementor-widget elementor-widget-heading\" data-id=\"e37ccbb\" data-element_type=\"widget\" data-e-type=\"widget\" data-widget_type=\"heading.default\">\n\t\t\t\t<div class=\"elementor-widget-container\">\n\t\t\t\t\t<h2 class=\"elementor-heading-title elementor-size-default\">Conditions G\u00e9n\u00e9rales Caf\u00e9t\u00e9ria<\/h2>\t\t\t\t<\/div>\n\t\t\t\t<\/div>\n\t\t\t\t<div class=\"elementor-element elementor-element-692d64f flex-horizontal-align-default flex-horizontal-align-tablet-default flex-horizontal-align-mobile-default flex-vertical-align-default flex-vertical-align-tablet-default flex-vertical-align-mobile-default elementor-widget elementor-widget-text-editor\" data-id=\"692d64f\" data-element_type=\"widget\" data-e-type=\"widget\" data-widget_type=\"text-editor.default\">\n\t\t\t\t<div class=\"elementor-widget-container\">\n\t\t\t\t\t\t\t\t\t\t\t\t<div class=\"elementor-text-editor elementor-clearfix\">\r\n\t\t\t\t\t\t<p>Les pr\u00e9sentes conditions g\u00e9n\u00e9rales r\u00e9gissent les relations contractuelles entre Cafetaria Ice Skating Poseidon, dont le si\u00e8ge social est situ\u00e9 \u00e0 Woluwe-Saint-Lambert, Tomberg 125\/1, et dont l&rsquo;activit\u00e9 consiste \u00e0 organiser des f\u00eates pour enfants. Toute situation non pr\u00e9vue par nos conditions g\u00e9n\u00e9rales ou particuli\u00e8res est r\u00e9gie par les dispositions l\u00e9gales g\u00e9n\u00e9ralement applicables, notamment la loi sur les pratiques commerciales du 14\/7\/1991 et le Code civil, qui servent de base \u00e0 l&rsquo;\u00e9tablissement des relations avec le consommateur avant la conclusion du contrat.  <\/p><p>Le formulaire de r\u00e9servation doit \u00eatre rempli par \u00e9crit sur le site web. D\u00e8s r\u00e9ception par Cafetaria Ice Skating Poseidon d&rsquo;un formulaire de r\u00e9servation d\u00fbment rempli, le client recevra (par e-mail uniquement) la confirmation \u00e9crite de la r\u00e9servation, la rendant d\u00e9finitive. Le client reconna\u00eet explicitement que l&rsquo;adresse e-mail qu&rsquo;il a fournie est valide et peut l\u00e9gitimement \u00eatre utilis\u00e9e pour l&rsquo;envoyer des communications. Les conditions g\u00e9n\u00e9rales sont communiqu\u00e9es au client par \u00e9crit et celui-ci est r\u00e9put\u00e9 en avoir pris connaissance et les avoir accept\u00e9es. La Caf\u00e9t\u00e9ria Patinoire Pos\u00e9idon se r\u00e9serve le droit de ne pas donner suite aux formulaires d&rsquo;inscription inexacts ou incomplets.<br>La Caf\u00e9t\u00e9ria Patinoire Pos\u00e9idon se r\u00e9serve le droit d&rsquo;annuler la f\u00eate d&rsquo;enfants pour des raisons d&rsquo;organisation. L&rsquo;acompte sera alors int\u00e9gralement rembours\u00e9.     <\/p><p>Les prix et tarifs sont indiqu\u00e9s sur le formulaire de r\u00e9servation. Les prix restent valables jusqu&rsquo;\u00e0 la date indiqu\u00e9e sur le formulaire de r\u00e9servation, ou aussi longtemps que cela aura \u00e9t\u00e9 confirm\u00e9 par \u00e9crit au client par la Caf\u00e9t\u00e9ria Ice Skating Poseidon. <\/p><p>En cas d&rsquo;annulation moins de 14 jours avant le d\u00e9but, l&rsquo;acompte restera d\u00fb \u00e0 la Caf\u00e9t\u00e9ria Patinoire Pos\u00e9idon.<br>Attention : toute annulation doit toujours \u00eatre effectu\u00e9e par \u00e9crit (par e-mail), et non par t\u00e9l\u00e9phone !<br>Toutes les donn\u00e9es personnelles sont destin\u00e9es \u00e0 l&rsquo;usage interne de la Caf\u00e9t\u00e9ria Patinoire Pos\u00e9idon. Le client a le droit d&rsquo;acc\u00e9der \u00e0 ces informations et de les corriger \u00e0 tout moment et gratuitement. <\/p><p>Sauf en cas de force majeure de la part de Cafetaria Ice Skating Poseidon (gr\u00e8ve, lock-out, guerre, etc.) et sauf accord \u00e9crit contraire entre Cafetaria Ice Skating Poseidon et le client, la f\u00eate d&rsquo;anniversaire aura lieu \u00e0 la date et \u00e0 l&rsquo;heure indiqu\u00e9es sur la facture. Le client peut demander un changement de date par \u00e9crit jusqu&rsquo;\u00e0 14 jours avant la f\u00eate. La Caf\u00e9t\u00e9ria Patinoire Poseidon mettra toujours tout en \u0153uvre pour r\u00e9pondre \u00e0 cette demande, mais ne donne aucune garantie \u00e0 cet \u00e9gard.  <\/p><p>Tous les accords, y compris les conditions particuli\u00e8res et g\u00e9n\u00e9rales du contrat et de la facture, ainsi que leur ex\u00e9cution, sont soumis au droit belge. En cas de litige, le droit belge s&rsquo;applique et les tribunaux de l&rsquo;arrondissement judiciaire de Bruxelles sont comp\u00e9tents. <\/p><p>D\u00e9tails :<\/p><ul><li>Lorsque vous r\u00e9servez votre anniversaire en ligne, <span class=\"s2\">un acompte de 50 \u20ac vous sera demand\u00e9<\/span>.<\/li><li class=\"li1\">Ce d\u00e9p\u00f4t sera d\u00e9duit de votre facture finale, en fonction du nombre de personnes pr\u00e9sentes \u00e0 votre f\u00eate d&rsquo;anniversaire !!!<\/li><li>Minimum 10 participants, maximum 18 participants (hors parents)<\/li><li class=\"li1\">Vous serez factur\u00e9 17 \u20ac par personne pr\u00e9sente \u00e0 la f\u00eate.<\/li><li class=\"li1\">Aucun remboursement ne sera effectu\u00e9 si l&rsquo;annulation intervient moins de 14 jours avant la date choisie.<\/li><li>\u00c2ge maximum autoris\u00e9 pour les enfants : 14 ans<\/li><li class=\"li1\">Le prix comprend :<br><ul class=\"ul1\"><li>patinage (entr\u00e9e et location de patins)<\/li><li>espace priv\u00e9 r\u00e9serv\u00e9<\/li><li>g\u00e2teau au chocolat <span style=\"text-decoration: underline;\"><strong>OU un assortiment<\/strong><\/span> de gaufres de Bruxelles, hamburgers et hot-dogs<\/li><li>1 sachet de bonbons<\/li><li>1 boisson gazeuse ou boisson chaude<\/li><li>ballon<\/li><\/ul><\/li><\/ul>\t\t\t\t\t\t\t<\/div>\r\n\t\t\t\t\t\t\t\t\t\t<\/div>\n\t\t\t\t<\/div>\n\t\t\t\t\t<\/div>\n\t\t\t\t<\/div>\n\t\t\t\t<\/div>\n\t\t","protected":false},"excerpt":{"rendered":"<p>Conditions G\u00e9n\u00e9rales Caf\u00e9t\u00e9ria Les pr\u00e9sentes conditions g\u00e9n\u00e9rales r\u00e9gissent les relations contractuelles entre Cafetaria Ice Skating Poseidon, dont le si\u00e8ge social&#8230;<\/p>\n","protected":false},"author":1,"featured_media":0,"parent":0,"menu_order":0,"comment_status":"closed","ping_status":"closed","template":"page-fullwidth.php","meta":{"_seopress_robots_primary_cat":"","_seopress_titles_title":"Conditions G\u00e9n\u00e9rales Caf\u00e9t\u00e9ria \u2013 Skate Poseidon Woluwe","_seopress_titles_desc":"Lisez les conditions g\u00e9n\u00e9rales de la caf\u00e9t\u00e9ria de Skate Poseidon \u00e0 Woluwe, Bruxelles. Informations sur commandes, paiements et annulations.","_seopress_robots_index":"","footnotes":""},"class_list":["post-6179","page","type-page","status-publish"],"_links":{"self":[{"href":"https:\/\/skate-poseidon.be\/fr\/wp-json\/wp\/v2\/pages\/6179","targetHints":{"allow":["GET"]}}],"collection":[{"href":"https:\/\/skate-poseidon.be\/fr\/wp-json\/wp\/v2\/pages"}],"about":[{"href":"https:\/\/skate-poseidon.be\/fr\/wp-json\/wp\/v2\/types\/page"}],"author":[{"embeddable":true,"href":"https:\/\/skate-poseidon.be\/fr\/wp-json\/wp\/v2\/users\/1"}],"replies":[{"embeddable":true,"href":"https:\/\/skate-poseidon.be\/fr\/wp-json\/wp\/v2\/comments?post=6179"}],"version-history":[{"count":4,"href":"https:\/\/skate-poseidon.be\/fr\/wp-json\/wp\/v2\/pages\/6179\/revisions"}],"predecessor-version":[{"id":6393,"href":"https:\/\/skate-poseidon.be\/fr\/wp-json\/wp\/v2\/pages\/6179\/revisions\/6393"}],"wp:attachment":[{"href":"https:\/\/skate-poseidon.be\/fr\/wp-json\/wp\/v2\/media?parent=6179"}],"curies":[{"name":"wp","href":"https:\/\/api.w.org\/{rel}","templated":true}]}}