{"id":6130,"date":"2025-07-07T14:49:59","date_gmt":"2025-07-07T13:49:59","guid":{"rendered":"https:\/\/skate-poseidon.be\/reglement\/"},"modified":"2026-01-04T12:55:50","modified_gmt":"2026-01-04T11:55:50","slug":"reglement","status":"publish","type":"page","link":"https:\/\/skate-poseidon.be\/fr\/reglement\/","title":{"rendered":"Reglement"},"content":{"rendered":"\t\t<div data-elementor-type=\"wp-page\" data-elementor-id=\"6130\" class=\"elementor elementor-6130 elementor-4891\">\n\t\t\t\t<div class=\"elementor-element elementor-element-b7a2bdc thegem-e-con-layout-thegem e-flex e-con-boxed e-con e-parent\" data-id=\"b7a2bdc\" data-element_type=\"container\" data-e-type=\"container\" data-settings=\"{&quot;thegem_container_layout&quot;:&quot;thegem&quot;}\">\r\n\t\t\t\t\t<div class=\"e-con-inner\">\r\n\t\t\t\t<div class=\"elementor-element elementor-element-ce132f6 flex-horizontal-align-default flex-horizontal-align-tablet-default flex-horizontal-align-mobile-default flex-vertical-align-default flex-vertical-align-tablet-default flex-vertical-align-mobile-default elementor-widget elementor-widget-heading\" data-id=\"ce132f6\" data-element_type=\"widget\" data-e-type=\"widget\" data-widget_type=\"heading.default\">\n\t\t\t\t<div class=\"elementor-widget-container\">\n\t\t\t\t\t<h4 class=\"elementor-heading-title elementor-size-default\">Veuillez lire notre r\u00e8glement avant d'entrer dans la patinoire.<\/h4>\t\t\t\t<\/div>\n\t\t\t\t<\/div>\n\t\t\t\t<div class=\"elementor-element elementor-element-50388a3 flex-horizontal-align-default flex-horizontal-align-tablet-default flex-horizontal-align-mobile-default flex-vertical-align-default flex-vertical-align-tablet-default flex-vertical-align-mobile-default elementor-widget elementor-widget-text-editor\" data-id=\"50388a3\" data-element_type=\"widget\" data-e-type=\"widget\" data-widget_type=\"text-editor.default\">\n\t\t\t\t<div class=\"elementor-widget-container\">\n\t\t\t\t\t\t\t\t\t\t\t\t<div class=\"elementor-text-editor elementor-clearfix\">\r\n\t\t\t\t\t\t<ol>\n<li style=\"text-align: left;\"><strong> Iedereen die toegang wil tot de ijsbaan moet de toegangsprijs betalen en een identiteitsbewijs bij zich hebben. Dit is met name vereist voor het huren van schaatsen.<\/strong><\/li>\n<\/ol>\n<ul>\n<li style=\"text-align: left;\"><strong>La direction se r\u00e9serve le droit de refuser l&rsquo;acc\u00e8s.<\/strong><\/li>\n<li style=\"text-align: left;\"><strong>L&rsquo;acc\u00e8s est gratuit pour les parents (qui ne patinent pas) accompagnant leurs enfants.<\/strong><\/li>\n<\/ul>\n<ol style=\"text-align: left;\" start=\"2\">\n<li><strong> La direction d\u00e9cline toute responsabilit\u00e9 en cas d&rsquo;accident, de dommage et\/ou de vol.<\/strong><\/li>\n<li><strong> Une assurance en cas d&rsquo;accident n&rsquo;est PAS comprise dans nos tarifs.<\/strong><\/li>\n<li><strong> L&rsquo;on ne peut quitter temporairement la patinoire qu&rsquo;avec l&rsquo;autorisation pr\u00e9alable de la direction. Cela n&rsquo;est jamais possible si l&rsquo;on porte des patins.<\/strong><\/li>\n<li><strong> Seuls les professeurs agr\u00e9\u00e9s par la direction sont autoris\u00e9s \u00e0 donner des cours de patinage.<\/strong><\/li>\n<li><strong> Pour des raisons de s\u00e9curit\u00e9, il est recommand\u00e9 de porter des gants et un casque.<\/strong><\/li>\n<li><strong> Il est formellement interdit :<\/strong><\/li>\n<\/ol>\n<ul>\n<li style=\"text-align: left;\"><strong>de creuser des coul\u00e9es profondes dans la glace<\/strong><\/li>\n<li style=\"text-align: left;\"><strong>Il est <u>interdit de fumer dans tout l\u2019\u00e9tablissement, y compris les cigarettes \u00e9lectroniques<\/u> (disposition l\u00e9gale), et \u00e0 moins de 10 m\u00e8tres de l&rsquo;entr\u00e9e de la patinoire.<\/strong><\/li>\n<li style=\"text-align: left;\"><strong>de patiner \u00e0 contre-sens (le sens trigonom\u00e9trique est le juste sens)<\/strong><\/li>\n<li style=\"text-align: left;\"><strong>de jouer avec un objet sur la patinoire<\/strong><\/li>\n<li style=\"text-align: left;\"><strong>de pousser ou de faire tomber des personnes. Vous \u00eates responsable. Vous \u00eates responsable.<\/strong><\/li>\n<li style=\"text-align: left;\"><strong>d&rsquo;acc\u00e9der \u00e0 la glace avec des chaussures<\/strong><\/li>\n<\/ul>\n<ol start=\"8\">\n<li style=\"text-align: left;\"><strong> En cas d&rsquo;accident, veuillez faire appel au personnel de la patinoire.<\/strong><\/li>\n<li style=\"text-align: left;\"><strong> D\u00e8s que le signal est donn\u00e9, la patinoire doit \u00eatre \u00e9vacu\u00e9e (pour permettre le nettoyage de la glace). Cela se produit environ toutes les deux heures.<\/strong><\/li>\n<li style=\"text-align: left;\"><strong> Les personnes qui ne respectent pas ce r\u00e8glement ou qui, par leur comportement ou leur langage, portent atteinte \u00e0 la bonne r\u00e9putation de la patinoire, seront pri\u00e9es de quitter imm\u00e9diatement les lieux, sans droit \u00e0 remboursement ni \u00e0 aucune indemnit\u00e9.<\/strong><\/li>\n<\/ol>\n\t\t\t\t\t\t\t<\/div>\r\n\t\t\t\t\t\t\t\t\t\t<\/div>\n\t\t\t\t<\/div>\n\t\t\t\t\t<\/div>\n\t\t\t\t<\/div>\n\t\t\t\t<\/div>\n\t\t","protected":false},"excerpt":{"rendered":"<p>Veuillez lire notre r\u00e8glement avant d&rsquo;entrer dans la patinoire. Iedereen die toegang wil tot de ijsbaan moet de toegangsprijs betalen&#8230;<\/p>\n","protected":false},"author":1,"featured_media":0,"parent":0,"menu_order":0,"comment_status":"closed","ping_status":"closed","template":"page-fullwidth.php","meta":{"_seopress_robots_primary_cat":"","_seopress_titles_title":"Reglement \u2013 Skate Poseidon \u00e0 Woluwe","_seopress_titles_desc":"Consultez le reglement de Skate Poseidon \u00e0 Woluwe, Bruxelles. Assurez une exp\u00e9rience de patinage s\u00fbre et agr\u00e9able pour tous.","_seopress_robots_index":"","footnotes":""},"class_list":["post-6130","page","type-page","status-publish"],"_links":{"self":[{"href":"https:\/\/skate-poseidon.be\/fr\/wp-json\/wp\/v2\/pages\/6130","targetHints":{"allow":["GET"]}}],"collection":[{"href":"https:\/\/skate-poseidon.be\/fr\/wp-json\/wp\/v2\/pages"}],"about":[{"href":"https:\/\/skate-poseidon.be\/fr\/wp-json\/wp\/v2\/types\/page"}],"author":[{"embeddable":true,"href":"https:\/\/skate-poseidon.be\/fr\/wp-json\/wp\/v2\/users\/1"}],"replies":[{"embeddable":true,"href":"https:\/\/skate-poseidon.be\/fr\/wp-json\/wp\/v2\/comments?post=6130"}],"version-history":[{"count":1,"href":"https:\/\/skate-poseidon.be\/fr\/wp-json\/wp\/v2\/pages\/6130\/revisions"}],"predecessor-version":[{"id":6131,"href":"https:\/\/skate-poseidon.be\/fr\/wp-json\/wp\/v2\/pages\/6130\/revisions\/6131"}],"wp:attachment":[{"href":"https:\/\/skate-poseidon.be\/fr\/wp-json\/wp\/v2\/media?parent=6130"}],"curies":[{"name":"wp","href":"https:\/\/api.w.org\/{rel}","templated":true}]}}