{"id":6055,"date":"2025-07-05T11:37:32","date_gmt":"2025-07-05T10:37:32","guid":{"rendered":"https:\/\/skate-poseidon.be\/kindergarten-fr\/"},"modified":"2026-03-31T10:11:16","modified_gmt":"2026-03-31T09:11:16","slug":"kindergarten","status":"publish","type":"page","link":"https:\/\/skate-poseidon.be\/fr\/kindergarten\/","title":{"rendered":"Jardin d\u2019enfants"},"content":{"rendered":"\t\t<div data-elementor-type=\"wp-page\" data-elementor-id=\"6055\" class=\"elementor elementor-6055 elementor-2820\">\n\t\t\t\t<div class=\"elementor-element elementor-element-2a3da76 thegem-e-con-layout-thegem e-flex e-con-boxed e-con e-parent\" data-id=\"2a3da76\" data-element_type=\"container\" data-e-type=\"container\" data-settings=\"{&quot;thegem_container_layout&quot;:&quot;thegem&quot;}\">\r\n\t\t\t\t\t<div class=\"e-con-inner\">\r\n\t\t<div class=\"elementor-element elementor-element-e8ac6d0 e-con-full thegem-e-con-layout-thegem e-flex e-con e-child\" data-id=\"e8ac6d0\" data-element_type=\"container\" data-e-type=\"container\" data-settings=\"{&quot;thegem_container_layout&quot;:&quot;thegem&quot;}\">\r\n\t\t\t\t<div class=\"elementor-element elementor-element-9c57b67 flex-horizontal-align-default flex-horizontal-align-tablet-default flex-horizontal-align-mobile-default flex-vertical-align-default flex-vertical-align-tablet-default flex-vertical-align-mobile-default elementor-widget elementor-widget-image\" data-id=\"9c57b67\" data-element_type=\"widget\" data-e-type=\"widget\" data-widget_type=\"image.default\">\n\t\t\t\t<div class=\"elementor-widget-container\">\n\t\t\t\t\t\t\t\t\t\t\t\t\t\t\t<img alt=\"\" width=\"1024\" height=\"768\" src=\"https:\/\/skate-poseidon.be\/wp-content\/uploads\/2025\/06\/kindergarden-2006-5-1024x768-1.jpg\" class=\"attachment-large size-large wp-image-5881\" alt=\"\" srcset=\"https:\/\/skate-poseidon.be\/wp-content\/uploads\/2025\/06\/kindergarden-2006-5-1024x768-1.jpg 1024w, https:\/\/skate-poseidon.be\/wp-content\/uploads\/2025\/06\/kindergarden-2006-5-1024x768-1-300x225.jpg 300w, https:\/\/skate-poseidon.be\/wp-content\/uploads\/2025\/06\/kindergarden-2006-5-1024x768-1-768x576.jpg 768w\" sizes=\"(max-width: 1024px) 100vw, 1024px\" \/>\t\t\t\t\t\t\t\t\t\t\t\t\t\t\t<\/div>\n\t\t\t\t<\/div>\n\t\t\t\t<\/div>\n\t\t<div class=\"elementor-element elementor-element-93717ca e-con-full thegem-e-con-layout-thegem e-flex e-con e-child\" data-id=\"93717ca\" data-element_type=\"container\" data-e-type=\"container\" data-settings=\"{&quot;thegem_container_layout&quot;:&quot;thegem&quot;}\">\r\n\t\t<div class=\"elementor-element elementor-element-18e40ac e-con-full thegem-e-con-layout-thegem e-flex e-con e-child\" data-id=\"18e40ac\" data-element_type=\"container\" data-e-type=\"container\" data-settings=\"{&quot;thegem_container_layout&quot;:&quot;thegem&quot;}\">\r\n\t\t\t\t<div class=\"elementor-element elementor-element-12e721e flex-horizontal-align-default flex-horizontal-align-tablet-default flex-horizontal-align-mobile-default flex-vertical-align-default flex-vertical-align-tablet-default flex-vertical-align-mobile-default elementor-widget elementor-widget-heading\" data-id=\"12e721e\" data-element_type=\"widget\" data-e-type=\"widget\" data-widget_type=\"heading.default\">\n\t\t\t\t<div class=\"elementor-widget-container\">\n\t\t\t\t\t<h2 class=\"elementor-heading-title elementor-size-default\">Jardin d\u2019enfants<\/h2>\t\t\t\t<\/div>\n\t\t\t\t<\/div>\n\t\t\t\t<\/div>\n\t\t<div class=\"elementor-element elementor-element-5bba29a e-con-full thegem-e-con-layout-thegem e-flex e-con e-child\" data-id=\"5bba29a\" data-element_type=\"container\" data-e-type=\"container\" data-settings=\"{&quot;thegem_container_layout&quot;:&quot;thegem&quot;}\">\r\n\t\t\t\t<div class=\"elementor-element elementor-element-e29653d flex-horizontal-align-default flex-horizontal-align-tablet-default flex-horizontal-align-mobile-default flex-vertical-align-default flex-vertical-align-tablet-default flex-vertical-align-mobile-default elementor-widget elementor-widget-text-editor\" data-id=\"e29653d\" data-element_type=\"widget\" data-e-type=\"widget\" data-widget_type=\"text-editor.default\">\n\t\t\t\t<div class=\"elementor-widget-container\">\n\t\t\t\t\t\t\t\t\t\t\t\t<div class=\"elementor-text-editor elementor-clearfix\">\r\n\t\t\t\t\t\t<p>La patinoire pour enfants a \u00e9t\u00e9 mise en place afin que les tout-petits puissent profiter des joies du patinage dans un environnement s\u00fbr et ludique.<\/p>\n<ul>\n<li>OUVERT TOUS LES DIMANCHES MATIN DE 1\/11\/26 \u00c0 28\/02\/2027 (DE 10H \u00c0 13H45) !<\/li>\n<li>Il n&rsquo;y a pas de frais suppl\u00e9mentaires pour acc\u00e9der \u00e0 la patinoire pour enfants.<\/li>\n<li>Acc\u00e8s r\u00e9serv\u00e9 aux enfants ne mesurant pas plus de 1m30 (hauteur d&#8217;embarquement) avec leurs patins aux pieds.<\/li>\n<li>Superviseurs sur la glace pour aider les enfants (pas pour donner des cours de patinage).<\/li>\n<li>Pendant les vacances de No\u00ebl, ouvert tous les jours jusqu&rsquo;\u00e0 19 h.<\/li>\n<li>Afin de garantir la s\u00e9curit\u00e9 des enfants, l&rsquo;acc\u00e8s aux enfants plus grands n&rsquo;est pas autoris\u00e9 ! Un seul adulte par famille peut accompagner son enfant si n\u00e9cessaire.<\/li>\n<\/ul>\t\t\t\t\t\t\t<\/div>\r\n\t\t\t\t\t\t\t\t\t\t<\/div>\n\t\t\t\t<\/div>\n\t\t\t\t<\/div>\n\t\t\t\t<\/div>\n\t\t\t\t\t<\/div>\n\t\t\t\t<\/div>\n\t\t<div class=\"elementor-element elementor-element-ddb291b thegem-e-con-layout-thegem e-flex e-con-boxed e-con e-parent\" data-id=\"ddb291b\" data-element_type=\"container\" data-e-type=\"container\" data-settings=\"{&quot;background_background&quot;:&quot;classic&quot;,&quot;thegem_container_layout&quot;:&quot;thegem&quot;}\">\r\n\t\t\t\t\t<div class=\"e-con-inner\">\r\n\t\t<div class=\"elementor-element elementor-element-3ce00de e-con-full thegem-e-con-layout-thegem e-flex e-con e-child\" data-id=\"3ce00de\" data-element_type=\"container\" data-e-type=\"container\" data-settings=\"{&quot;thegem_container_layout&quot;:&quot;thegem&quot;}\">\r\n\t\t\t\t<div class=\"elementor-element elementor-element-ec1963f flex-horizontal-align-default flex-horizontal-align-tablet-default flex-horizontal-align-mobile-default flex-vertical-align-default flex-vertical-align-tablet-default flex-vertical-align-mobile-default elementor-invisible elementor-widget elementor-widget-heading\" data-id=\"ec1963f\" data-element_type=\"widget\" data-e-type=\"widget\" data-settings=\"{&quot;_animation&quot;:&quot;fadeInUp&quot;}\" data-widget_type=\"heading.default\">\n\t\t\t\t<div class=\"elementor-widget-container\">\n\t\t\t\t\t<div class=\"title-h1 elementor-heading-title elementor-size-default\">Questions?<\/div>\t\t\t\t<\/div>\n\t\t\t\t<\/div>\n\t\t\t\t<\/div>\n\t\t<div class=\"elementor-element elementor-element-9c713cf e-con-full thegem-e-con-layout-thegem e-flex e-con e-child\" data-id=\"9c713cf\" data-element_type=\"container\" data-e-type=\"container\" data-settings=\"{&quot;thegem_container_layout&quot;:&quot;thegem&quot;}\">\r\n\t\t\t\t<div class=\"elementor-element elementor-element-a399d21 flex-horizontal-align-default flex-horizontal-align-tablet-default flex-horizontal-align-mobile-default flex-vertical-align-default flex-vertical-align-tablet-default flex-vertical-align-mobile-default elementor-invisible elementor-widget elementor-widget-text-editor\" data-id=\"a399d21\" data-element_type=\"widget\" data-e-type=\"widget\" data-settings=\"{&quot;_animation&quot;:&quot;fadeInUp&quot;}\" data-widget_type=\"text-editor.default\">\n\t\t\t\t<div class=\"elementor-widget-container\">\n\t\t\t\t\t\t\t\t\t\t\t\t<div class=\"elementor-text-editor elementor-clearfix\">\r\n\t\t\t\t\t\t<p style=\"text-align: center;\"><span style=\"color: #ffffff;\">Vous avez une question sur nos activit\u00e9s ? Vous souhaitez f\u00eater votre anniversaire chez Poseidon ? Remarques ?<\/span><\/p>\t\t\t\t\t\t\t<\/div>\r\n\t\t\t\t\t\t\t\t\t\t<\/div>\n\t\t\t\t<\/div>\n\t\t\t\t<\/div>\n\t\t<div class=\"elementor-element elementor-element-77183da e-con-full thegem-e-con-layout-thegem e-flex e-con e-child\" data-id=\"77183da\" data-element_type=\"container\" data-e-type=\"container\" data-settings=\"{&quot;thegem_container_layout&quot;:&quot;thegem&quot;}\">\r\n\t\t\t\t<div class=\"elementor-element elementor-element-0d88bda flex-horizontal-align-default flex-horizontal-align-tablet-default flex-horizontal-align-mobile-default flex-vertical-align-default flex-vertical-align-tablet-default flex-vertical-align-mobile-default elementor-widget elementor-widget-thegem-styledbutton\" data-id=\"0d88bda\" data-element_type=\"widget\" data-e-type=\"widget\" data-settings=\"{&quot;thegem_button_skin&quot;:&quot;outline&quot;}\" data-widget_type=\"thegem-styledbutton.default\">\n\t\t\t\t<div class=\"elementor-widget-container\">\n\t\t\t\t\t\n<div class=\"gem-button-container gem-widget-button\">\n\n\t\t<a class=\"gem-button gem-button-size-medium gem-button-text-weight-bold gem-button-style-outline gem-button-border-3\" href=\"https:\/\/skate-poseidon.be\/fr\/contact\/\">\n\t\t<span class=\"gem-inner-wrapper-btn\">\n\t\t\t\t\t\t<span class=\"gem-text-button\">\n\t\t\t\tFaites-nous savoir\t\t\t<\/span>\n\t\t<\/span>\n\t<\/a>\n\n\t\n<\/div>\t\t\t\t<\/div>\n\t\t\t\t<\/div>\n\t\t\t\t<\/div>\n\t\t\t\t\t<\/div>\n\t\t\t\t<\/div>\n\t\t\t\t<\/div>\n\t\t","protected":false},"excerpt":{"rendered":"<p>Jardin d\u2019enfants La patinoire pour enfants a \u00e9t\u00e9 mise en place afin que les tout-petits puissent profiter des joies du&#8230;<\/p>\n","protected":false},"author":1,"featured_media":0,"parent":0,"menu_order":0,"comment_status":"closed","ping_status":"closed","template":"page-fullwidth.php","meta":{"_seopress_robots_primary_cat":"","_seopress_titles_title":"Jardin d\u2019enfants \u2013 Skate Poseidon Patinoire \u00e0 Woluwe","_seopress_titles_desc":"Skate Poseidon \u00e0 Woluwe, Bruxelles propose un jardin d'enfants pour les tout-petits. Patinage s\u00e9curis\u00e9 avec encadrement pour les plus jeunes.","_seopress_robots_index":"","footnotes":""},"class_list":["post-6055","page","type-page","status-publish"],"_links":{"self":[{"href":"https:\/\/skate-poseidon.be\/fr\/wp-json\/wp\/v2\/pages\/6055","targetHints":{"allow":["GET"]}}],"collection":[{"href":"https:\/\/skate-poseidon.be\/fr\/wp-json\/wp\/v2\/pages"}],"about":[{"href":"https:\/\/skate-poseidon.be\/fr\/wp-json\/wp\/v2\/types\/page"}],"author":[{"embeddable":true,"href":"https:\/\/skate-poseidon.be\/fr\/wp-json\/wp\/v2\/users\/1"}],"replies":[{"embeddable":true,"href":"https:\/\/skate-poseidon.be\/fr\/wp-json\/wp\/v2\/comments?post=6055"}],"version-history":[{"count":8,"href":"https:\/\/skate-poseidon.be\/fr\/wp-json\/wp\/v2\/pages\/6055\/revisions"}],"predecessor-version":[{"id":7446,"href":"https:\/\/skate-poseidon.be\/fr\/wp-json\/wp\/v2\/pages\/6055\/revisions\/7446"}],"wp:attachment":[{"href":"https:\/\/skate-poseidon.be\/fr\/wp-json\/wp\/v2\/media?parent=6055"}],"curies":[{"name":"wp","href":"https:\/\/api.w.org\/{rel}","templated":true}]}}